{"id":1776,"date":"2024-11-22T13:33:40","date_gmt":"2024-11-22T13:33:40","guid":{"rendered":"https:\/\/juhamikael.com\/?page_id=1776"},"modified":"2024-11-22T23:48:33","modified_gmt":"2024-11-22T23:48:33","slug":"lankapesat","status":"publish","type":"page","link":"https:\/\/juhamikael.com\/?page_id=1776","title":{"rendered":"Lankapes\u00e4t"},"content":{"rendered":"\n<div class=\"wp-block-media-text alignwide is-stacked-on-mobile\" style=\"grid-template-columns:63% auto\"><figure class=\"wp-block-media-text__media\"><img loading=\"lazy\" decoding=\"async\" width=\"1000\" height=\"1000\" src=\"http:\/\/juhamikael.com\/wp-content\/uploads\/2024\/11\/lankapesa_2-1.jpg\" alt=\"\" class=\"wp-image-1755 size-full\" srcset=\"https:\/\/juhamikael.com\/wp-content\/uploads\/2024\/11\/lankapesa_2-1.jpg 1000w, https:\/\/juhamikael.com\/wp-content\/uploads\/2024\/11\/lankapesa_2-1-300x300.jpg 300w, https:\/\/juhamikael.com\/wp-content\/uploads\/2024\/11\/lankapesa_2-1-150x150.jpg 150w, https:\/\/juhamikael.com\/wp-content\/uploads\/2024\/11\/lankapesa_2-1-768x768.jpg 768w, https:\/\/juhamikael.com\/wp-content\/uploads\/2024\/11\/lankapesa_2-1-116x116.jpg 116w\" sizes=\"auto, (max-width: 1000px) 100vw, 1000px\" \/><\/figure><div class=\"wp-block-media-text__content\">\n<p>Raidasta valmistettu kaksireik\u00e4inen lankapes\u00e4<\/p>\n<\/div><\/div>\n\n\n\n<div class=\"wp-block-media-text alignwide is-stacked-on-mobile\" style=\"grid-template-columns:63% auto\"><figure class=\"wp-block-media-text__media\"><img loading=\"lazy\" decoding=\"async\" width=\"1000\" height=\"1000\" src=\"http:\/\/juhamikael.com\/wp-content\/uploads\/2024\/11\/lankapesa_1.jpg\" alt=\"\" class=\"wp-image-1722 size-full\" srcset=\"https:\/\/juhamikael.com\/wp-content\/uploads\/2024\/11\/lankapesa_1.jpg 1000w, https:\/\/juhamikael.com\/wp-content\/uploads\/2024\/11\/lankapesa_1-300x300.jpg 300w, https:\/\/juhamikael.com\/wp-content\/uploads\/2024\/11\/lankapesa_1-150x150.jpg 150w, https:\/\/juhamikael.com\/wp-content\/uploads\/2024\/11\/lankapesa_1-768x768.jpg 768w, https:\/\/juhamikael.com\/wp-content\/uploads\/2024\/11\/lankapesa_1-116x116.jpg 116w\" sizes=\"auto, (max-width: 1000px) 100vw, 1000px\" \/><\/figure><div class=\"wp-block-media-text__content\">\n<p>Raidasta valmistettu kaksireik\u00e4inen lankapes\u00e4<\/p>\n<\/div><\/div>\n\n\n\n<div class=\"wp-block-media-text alignwide is-stacked-on-mobile\" style=\"grid-template-columns:54% auto\"><figure class=\"wp-block-media-text__media\"><img loading=\"lazy\" decoding=\"async\" width=\"1024\" height=\"768\" src=\"http:\/\/juhamikael.com\/wp-content\/uploads\/2024\/11\/IMG_1881-1024x768.jpg\" alt=\"\" class=\"wp-image-1764 size-full\" srcset=\"https:\/\/juhamikael.com\/wp-content\/uploads\/2024\/11\/IMG_1881-1024x768.jpg 1024w, https:\/\/juhamikael.com\/wp-content\/uploads\/2024\/11\/IMG_1881-300x225.jpg 300w, https:\/\/juhamikael.com\/wp-content\/uploads\/2024\/11\/IMG_1881-768x576.jpg 768w, https:\/\/juhamikael.com\/wp-content\/uploads\/2024\/11\/IMG_1881-1536x1152.jpg 1536w, https:\/\/juhamikael.com\/wp-content\/uploads\/2024\/11\/IMG_1881-2048x1536.jpg 2048w, https:\/\/juhamikael.com\/wp-content\/uploads\/2024\/11\/IMG_1881-155x116.jpg 155w\" sizes=\"auto, (max-width: 1024px) 100vw, 1024px\" \/><\/figure><div class=\"wp-block-media-text__content\">\n<p>P\u00e4hkin\u00e4petsatut kaksireik\u00e4iset lankapes\u00e4t<\/p>\n<\/div><\/div>\n\n\n\n<div class=\"wp-block-media-text alignwide is-stacked-on-mobile\" style=\"grid-template-columns:54% auto\"><figure class=\"wp-block-media-text__media\"><img loading=\"lazy\" decoding=\"async\" width=\"1024\" height=\"768\" src=\"http:\/\/juhamikael.com\/wp-content\/uploads\/2024\/11\/IMG_0106-1024x768.jpg\" alt=\"\" class=\"wp-image-1738 size-full\" srcset=\"https:\/\/juhamikael.com\/wp-content\/uploads\/2024\/11\/IMG_0106-1024x768.jpg 1024w, https:\/\/juhamikael.com\/wp-content\/uploads\/2024\/11\/IMG_0106-300x225.jpg 300w, https:\/\/juhamikael.com\/wp-content\/uploads\/2024\/11\/IMG_0106-768x576.jpg 768w, https:\/\/juhamikael.com\/wp-content\/uploads\/2024\/11\/IMG_0106-1536x1152.jpg 1536w, https:\/\/juhamikael.com\/wp-content\/uploads\/2024\/11\/IMG_0106-155x116.jpg 155w, https:\/\/juhamikael.com\/wp-content\/uploads\/2024\/11\/IMG_0106.jpg 1885w\" sizes=\"auto, (max-width: 1024px) 100vw, 1024px\" \/><\/figure><div class=\"wp-block-media-text__content\">\n<p>Pienempi\u00e4 yksireik\u00e4isi\u00e4 lankapesi\u00e4<\/p>\n<\/div><\/div>\n","protected":false},"excerpt":{"rendered":"<p>Raidasta valmistettu kaksireik\u00e4inen lankapes\u00e4 Raidasta valmistettu kaksireik\u00e4inen lankapes\u00e4 P\u00e4hkin\u00e4petsatut kaksireik\u00e4iset lankapes\u00e4t Pienempi\u00e4 yksireik\u00e4isi\u00e4 lankapesi\u00e4<\/p>\n","protected":false},"author":1,"featured_media":0,"parent":0,"menu_order":0,"comment_status":"closed","ping_status":"closed","template":"","meta":{"footnotes":""},"class_list":["post-1776","page","type-page","status-publish","hentry"],"jetpack_sharing_enabled":true,"_links":{"self":[{"href":"https:\/\/juhamikael.com\/index.php?rest_route=\/wp\/v2\/pages\/1776","targetHints":{"allow":["GET"]}}],"collection":[{"href":"https:\/\/juhamikael.com\/index.php?rest_route=\/wp\/v2\/pages"}],"about":[{"href":"https:\/\/juhamikael.com\/index.php?rest_route=\/wp\/v2\/types\/page"}],"author":[{"embeddable":true,"href":"https:\/\/juhamikael.com\/index.php?rest_route=\/wp\/v2\/users\/1"}],"replies":[{"embeddable":true,"href":"https:\/\/juhamikael.com\/index.php?rest_route=%2Fwp%2Fv2%2Fcomments&post=1776"}],"version-history":[{"count":2,"href":"https:\/\/juhamikael.com\/index.php?rest_route=\/wp\/v2\/pages\/1776\/revisions"}],"predecessor-version":[{"id":1887,"href":"https:\/\/juhamikael.com\/index.php?rest_route=\/wp\/v2\/pages\/1776\/revisions\/1887"}],"wp:attachment":[{"href":"https:\/\/juhamikael.com\/index.php?rest_route=%2Fwp%2Fv2%2Fmedia&parent=1776"}],"curies":[{"name":"wp","href":"https:\/\/api.w.org\/{rel}","templated":true}]}}