{"id":1784,"date":"2024-11-22T15:08:43","date_gmt":"2024-11-22T15:08:43","guid":{"rendered":"https:\/\/juhamikael.com\/?page_id=1784"},"modified":"2024-11-22T15:08:43","modified_gmt":"2024-11-22T15:08:43","slug":"sorvatut-kynat","status":"publish","type":"page","link":"https:\/\/juhamikael.com\/?page_id=1784","title":{"rendered":"Sorvatut kyn\u00e4t"},"content":{"rendered":"\n<div class=\"wp-block-media-text alignwide is-stacked-on-mobile\" style=\"grid-template-columns:63% auto\"><figure class=\"wp-block-media-text__media\"><img loading=\"lazy\" decoding=\"async\" width=\"1000\" height=\"1000\" src=\"https:\/\/juhamikael.com\/wp-content\/uploads\/2024\/11\/29665196_2149559881955287_3384612388604822337_o.jpg\" alt=\"\" class=\"wp-image-1785 size-full\" srcset=\"https:\/\/juhamikael.com\/wp-content\/uploads\/2024\/11\/29665196_2149559881955287_3384612388604822337_o.jpg 1000w, https:\/\/juhamikael.com\/wp-content\/uploads\/2024\/11\/29665196_2149559881955287_3384612388604822337_o-300x300.jpg 300w, https:\/\/juhamikael.com\/wp-content\/uploads\/2024\/11\/29665196_2149559881955287_3384612388604822337_o-150x150.jpg 150w, https:\/\/juhamikael.com\/wp-content\/uploads\/2024\/11\/29665196_2149559881955287_3384612388604822337_o-768x768.jpg 768w, https:\/\/juhamikael.com\/wp-content\/uploads\/2024\/11\/29665196_2149559881955287_3384612388604822337_o-116x116.jpg 116w\" sizes=\"auto, (max-width: 1000px) 100vw, 1000px\" \/><\/figure><div class=\"wp-block-media-text__content\">\n<p>Kuulak\u00e4rkikyni\u00e4, jossa k\u00e4rki tulee esille kiert\u00e4m\u00e4ll\u00e4 kyn\u00e4\u00e4.<\/p>\n<\/div><\/div>\n\n\n\n<div class=\"wp-block-media-text alignwide is-stacked-on-mobile\" style=\"grid-template-columns:63% auto\"><figure class=\"wp-block-media-text__media\"><img loading=\"lazy\" decoding=\"async\" width=\"960\" height=\"960\" src=\"https:\/\/juhamikael.com\/wp-content\/uploads\/2024\/11\/310505767_762259645024296_6027349289641578860_n-1.jpg\" alt=\"\" class=\"wp-image-1787 size-full\" srcset=\"https:\/\/juhamikael.com\/wp-content\/uploads\/2024\/11\/310505767_762259645024296_6027349289641578860_n-1.jpg 960w, https:\/\/juhamikael.com\/wp-content\/uploads\/2024\/11\/310505767_762259645024296_6027349289641578860_n-1-300x300.jpg 300w, https:\/\/juhamikael.com\/wp-content\/uploads\/2024\/11\/310505767_762259645024296_6027349289641578860_n-1-150x150.jpg 150w, https:\/\/juhamikael.com\/wp-content\/uploads\/2024\/11\/310505767_762259645024296_6027349289641578860_n-1-768x768.jpg 768w, https:\/\/juhamikael.com\/wp-content\/uploads\/2024\/11\/310505767_762259645024296_6027349289641578860_n-1-116x116.jpg 116w\" sizes=\"auto, (max-width: 960px) 100vw, 960px\" \/><\/figure><div class=\"wp-block-media-text__content\">\n<p>Petsattu mustekyn\u00e4 rasiassa<\/p>\n<\/div><\/div>\n\n\n\n<div class=\"wp-block-media-text alignwide is-stacked-on-mobile\" style=\"grid-template-columns:63% auto\"><figure class=\"wp-block-media-text__media\"><img loading=\"lazy\" decoding=\"async\" width=\"960\" height=\"960\" src=\"https:\/\/juhamikael.com\/wp-content\/uploads\/2024\/11\/120199064_2875234876054447_740941747073769466_n.jpg\" alt=\"\" class=\"wp-image-1791 size-full\" srcset=\"https:\/\/juhamikael.com\/wp-content\/uploads\/2024\/11\/120199064_2875234876054447_740941747073769466_n.jpg 960w, https:\/\/juhamikael.com\/wp-content\/uploads\/2024\/11\/120199064_2875234876054447_740941747073769466_n-300x300.jpg 300w, https:\/\/juhamikael.com\/wp-content\/uploads\/2024\/11\/120199064_2875234876054447_740941747073769466_n-150x150.jpg 150w, https:\/\/juhamikael.com\/wp-content\/uploads\/2024\/11\/120199064_2875234876054447_740941747073769466_n-768x768.jpg 768w, https:\/\/juhamikael.com\/wp-content\/uploads\/2024\/11\/120199064_2875234876054447_740941747073769466_n-116x116.jpg 116w\" sizes=\"auto, (max-width: 960px) 100vw, 960px\" \/><\/figure><div class=\"wp-block-media-text__content\">\n<p>Rollerikyni\u00e4, jossa magneetti korkkiosa<\/p>\n<\/div><\/div>\n\n\n\n<div class=\"wp-block-media-text alignwide is-stacked-on-mobile\" style=\"grid-template-columns:62% auto\"><figure class=\"wp-block-media-text__media\"><img loading=\"lazy\" decoding=\"async\" width=\"693\" height=\"951\" src=\"https:\/\/juhamikael.com\/wp-content\/uploads\/2024\/11\/1.png\" alt=\"\" class=\"wp-image-1793 size-full\" srcset=\"https:\/\/juhamikael.com\/wp-content\/uploads\/2024\/11\/1.png 693w, https:\/\/juhamikael.com\/wp-content\/uploads\/2024\/11\/1-219x300.png 219w, https:\/\/juhamikael.com\/wp-content\/uploads\/2024\/11\/1-85x116.png 85w\" sizes=\"auto, (max-width: 693px) 100vw, 693px\" \/><\/figure><div class=\"wp-block-media-text__content\">\n<p>Kullan ja hopean v\u00e4risi\u00e4 rollerikyni\u00e4<\/p>\n<\/div><\/div>\n\n\n\n<p><\/p>\n\n\n\n<div class=\"wp-block-media-text alignwide is-stacked-on-mobile\" style=\"grid-template-columns:62% auto\"><figure class=\"wp-block-media-text__media\"><img loading=\"lazy\" decoding=\"async\" width=\"985\" height=\"739\" src=\"https:\/\/juhamikael.com\/wp-content\/uploads\/2024\/11\/2.jpg\" alt=\"\" class=\"wp-image-1794 size-full\" srcset=\"https:\/\/juhamikael.com\/wp-content\/uploads\/2024\/11\/2.jpg 985w, https:\/\/juhamikael.com\/wp-content\/uploads\/2024\/11\/2-300x225.jpg 300w, https:\/\/juhamikael.com\/wp-content\/uploads\/2024\/11\/2-768x576.jpg 768w, https:\/\/juhamikael.com\/wp-content\/uploads\/2024\/11\/2-155x116.jpg 155w\" sizes=\"auto, (max-width: 985px) 100vw, 985px\" \/><\/figure><div class=\"wp-block-media-text__content\">\n<p>Kuulak\u00e4rkikyni\u00e4 petsattuina ja luonnollisen v\u00e4risin\u00e4<\/p>\n<\/div><\/div>\n\n\n\n<div class=\"wp-block-media-text alignwide is-stacked-on-mobile\" style=\"grid-template-columns:62% auto\"><figure class=\"wp-block-media-text__media\"><img loading=\"lazy\" decoding=\"async\" width=\"985\" height=\"739\" src=\"https:\/\/juhamikael.com\/wp-content\/uploads\/2024\/11\/4.jpg\" alt=\"\" class=\"wp-image-1795 size-full\" srcset=\"https:\/\/juhamikael.com\/wp-content\/uploads\/2024\/11\/4.jpg 985w, https:\/\/juhamikael.com\/wp-content\/uploads\/2024\/11\/4-300x225.jpg 300w, https:\/\/juhamikael.com\/wp-content\/uploads\/2024\/11\/4-768x576.jpg 768w, https:\/\/juhamikael.com\/wp-content\/uploads\/2024\/11\/4-155x116.jpg 155w\" sizes=\"auto, (max-width: 985px) 100vw, 985px\" \/><\/figure><div class=\"wp-block-media-text__content\">\n<p>Punaiseksi petsattu rollerikyn\u00e4 rasiassa<\/p>\n<\/div><\/div>\n","protected":false},"excerpt":{"rendered":"<p>Kuulak\u00e4rkikyni\u00e4, jossa k\u00e4rki tulee esille kiert\u00e4m\u00e4ll\u00e4 kyn\u00e4\u00e4. Petsattu mustekyn\u00e4 rasiassa Rollerikyni\u00e4, jossa magneetti korkkiosa Kullan ja hopean v\u00e4risi\u00e4 rollerikyni\u00e4 Kuulak\u00e4rkikyni\u00e4 &hellip; <a href=\"https:\/\/juhamikael.com\/?page_id=1784\" class=\"more-link\">Continue reading <span class=\"screen-reader-text\">Sorvatut kyn\u00e4t<\/span><\/a><\/p>\n","protected":false},"author":1,"featured_media":0,"parent":0,"menu_order":0,"comment_status":"closed","ping_status":"closed","template":"","meta":{"footnotes":""},"class_list":["post-1784","page","type-page","status-publish","hentry"],"jetpack_sharing_enabled":true,"_links":{"self":[{"href":"https:\/\/juhamikael.com\/index.php?rest_route=\/wp\/v2\/pages\/1784","targetHints":{"allow":["GET"]}}],"collection":[{"href":"https:\/\/juhamikael.com\/index.php?rest_route=\/wp\/v2\/pages"}],"about":[{"href":"https:\/\/juhamikael.com\/index.php?rest_route=\/wp\/v2\/types\/page"}],"author":[{"embeddable":true,"href":"https:\/\/juhamikael.com\/index.php?rest_route=\/wp\/v2\/users\/1"}],"replies":[{"embeddable":true,"href":"https:\/\/juhamikael.com\/index.php?rest_route=%2Fwp%2Fv2%2Fcomments&post=1784"}],"version-history":[{"count":1,"href":"https:\/\/juhamikael.com\/index.php?rest_route=\/wp\/v2\/pages\/1784\/revisions"}],"predecessor-version":[{"id":1796,"href":"https:\/\/juhamikael.com\/index.php?rest_route=\/wp\/v2\/pages\/1784\/revisions\/1796"}],"wp:attachment":[{"href":"https:\/\/juhamikael.com\/index.php?rest_route=%2Fwp%2Fv2%2Fmedia&parent=1784"}],"curies":[{"name":"wp","href":"https:\/\/api.w.org\/{rel}","templated":true}]}}