{"id":1801,"date":"2024-11-22T15:54:13","date_gmt":"2024-11-22T15:54:13","guid":{"rendered":"https:\/\/juhamikael.com\/?page_id=1801"},"modified":"2024-11-22T23:31:08","modified_gmt":"2024-11-22T23:31:08","slug":"leikkuulaudat-ja-tarjoilualustat","status":"publish","type":"page","link":"https:\/\/juhamikael.com\/?page_id=1801","title":{"rendered":"Leikkuulaudat ja tarjoilualustat"},"content":{"rendered":"\n<div class=\"wp-block-media-text alignwide is-stacked-on-mobile\" style=\"grid-template-columns:69% auto\"><figure class=\"wp-block-media-text__media\"><img loading=\"lazy\" decoding=\"async\" width=\"787\" height=\"664\" src=\"https:\/\/juhamikael.com\/wp-content\/uploads\/2024\/11\/1-1.png\" alt=\"\" class=\"wp-image-1803 size-full\" srcset=\"https:\/\/juhamikael.com\/wp-content\/uploads\/2024\/11\/1-1.png 787w, https:\/\/juhamikael.com\/wp-content\/uploads\/2024\/11\/1-1-300x253.png 300w, https:\/\/juhamikael.com\/wp-content\/uploads\/2024\/11\/1-1-768x648.png 768w, https:\/\/juhamikael.com\/wp-content\/uploads\/2024\/11\/1-1-137x116.png 137w\" sizes=\"auto, (max-width: 787px) 100vw, 787px\" \/><\/figure><div class=\"wp-block-media-text__content\">\n<p>Tarjoilualustat p\u00e4hkin\u00e4st\u00e4 ja loimuraidasta<\/p>\n<\/div><\/div>\n\n\n\n<div class=\"wp-block-media-text alignwide is-stacked-on-mobile\" style=\"grid-template-columns:69% auto\"><figure class=\"wp-block-media-text__media\"><img loading=\"lazy\" decoding=\"async\" width=\"960\" height=\"720\" src=\"https:\/\/juhamikael.com\/wp-content\/uploads\/2024\/11\/IMG_5505.jpg\" alt=\"\" class=\"wp-image-1804 size-full\" srcset=\"https:\/\/juhamikael.com\/wp-content\/uploads\/2024\/11\/IMG_5505.jpg 960w, https:\/\/juhamikael.com\/wp-content\/uploads\/2024\/11\/IMG_5505-300x225.jpg 300w, https:\/\/juhamikael.com\/wp-content\/uploads\/2024\/11\/IMG_5505-768x576.jpg 768w, https:\/\/juhamikael.com\/wp-content\/uploads\/2024\/11\/IMG_5505-155x116.jpg 155w\" sizes=\"auto, (max-width: 960px) 100vw, 960px\" \/><\/figure><div class=\"wp-block-media-text__content\">\n<p>Eri kuvioilla valmistettuja p\u00e4\u00e4typuuleikkuulautoja<\/p>\n<\/div><\/div>\n\n\n\n<div class=\"wp-block-media-text alignwide is-stacked-on-mobile\" style=\"grid-template-columns:69% auto\"><figure class=\"wp-block-media-text__media\"><img loading=\"lazy\" decoding=\"async\" width=\"960\" height=\"960\" src=\"https:\/\/juhamikael.com\/wp-content\/uploads\/2024\/11\/277222711_3283341315243799_4843513700251640416_n.jpg\" alt=\"\" class=\"wp-image-1805 size-full\" srcset=\"https:\/\/juhamikael.com\/wp-content\/uploads\/2024\/11\/277222711_3283341315243799_4843513700251640416_n.jpg 960w, https:\/\/juhamikael.com\/wp-content\/uploads\/2024\/11\/277222711_3283341315243799_4843513700251640416_n-300x300.jpg 300w, https:\/\/juhamikael.com\/wp-content\/uploads\/2024\/11\/277222711_3283341315243799_4843513700251640416_n-150x150.jpg 150w, https:\/\/juhamikael.com\/wp-content\/uploads\/2024\/11\/277222711_3283341315243799_4843513700251640416_n-768x768.jpg 768w, https:\/\/juhamikael.com\/wp-content\/uploads\/2024\/11\/277222711_3283341315243799_4843513700251640416_n-116x116.jpg 116w\" sizes=\"auto, (max-width: 960px) 100vw, 960px\" \/><\/figure><div class=\"wp-block-media-text__content\">\n<p>P\u00e4\u00e4typuusta valmistettu leikkuulauta nesteuralla<\/p>\n<\/div><\/div>\n\n\n\n<div class=\"wp-block-media-text alignwide is-stacked-on-mobile\" style=\"grid-template-columns:69% auto\"><figure class=\"wp-block-media-text__media\"><img loading=\"lazy\" decoding=\"async\" width=\"960\" height=\"727\" src=\"https:\/\/juhamikael.com\/wp-content\/uploads\/2024\/11\/45500452_2311128905798383_8137222705171660800_n.jpg\" alt=\"\" class=\"wp-image-1806 size-full\" srcset=\"https:\/\/juhamikael.com\/wp-content\/uploads\/2024\/11\/45500452_2311128905798383_8137222705171660800_n.jpg 960w, https:\/\/juhamikael.com\/wp-content\/uploads\/2024\/11\/45500452_2311128905798383_8137222705171660800_n-300x227.jpg 300w, https:\/\/juhamikael.com\/wp-content\/uploads\/2024\/11\/45500452_2311128905798383_8137222705171660800_n-768x582.jpg 768w, https:\/\/juhamikael.com\/wp-content\/uploads\/2024\/11\/45500452_2311128905798383_8137222705171660800_n-153x116.jpg 153w\" sizes=\"auto, (max-width: 960px) 100vw, 960px\" \/><\/figure><div class=\"wp-block-media-text__content\">\n<p>Puistolehmuksesta valmistettuja koristelautoja<\/p>\n<\/div><\/div>\n\n\n\n<div class=\"wp-block-media-text alignwide is-stacked-on-mobile\" style=\"grid-template-columns:67% auto\"><figure class=\"wp-block-media-text__media\"><img loading=\"lazy\" decoding=\"async\" width=\"960\" height=\"720\" src=\"https:\/\/juhamikael.com\/wp-content\/uploads\/2024\/11\/IMG_0099.jpg\" alt=\"\" class=\"wp-image-1807 size-full\" srcset=\"https:\/\/juhamikael.com\/wp-content\/uploads\/2024\/11\/IMG_0099.jpg 960w, https:\/\/juhamikael.com\/wp-content\/uploads\/2024\/11\/IMG_0099-300x225.jpg 300w, https:\/\/juhamikael.com\/wp-content\/uploads\/2024\/11\/IMG_0099-768x576.jpg 768w, https:\/\/juhamikael.com\/wp-content\/uploads\/2024\/11\/IMG_0099-155x116.jpg 155w\" sizes=\"auto, (max-width: 960px) 100vw, 960px\" \/><\/figure><div class=\"wp-block-media-text__content\">\n<p>P\u00e4\u00e4typuuleikkuulauta<\/p>\n<\/div><\/div>\n\n\n\n<div class=\"wp-block-media-text alignwide is-stacked-on-mobile\" style=\"grid-template-columns:67% auto\"><figure class=\"wp-block-media-text__media\"><img loading=\"lazy\" decoding=\"async\" width=\"960\" height=\"720\" src=\"https:\/\/juhamikael.com\/wp-content\/uploads\/2024\/11\/IMG_0079.jpg\" alt=\"\" class=\"wp-image-1808 size-full\" srcset=\"https:\/\/juhamikael.com\/wp-content\/uploads\/2024\/11\/IMG_0079.jpg 960w, https:\/\/juhamikael.com\/wp-content\/uploads\/2024\/11\/IMG_0079-300x225.jpg 300w, https:\/\/juhamikael.com\/wp-content\/uploads\/2024\/11\/IMG_0079-768x576.jpg 768w, https:\/\/juhamikael.com\/wp-content\/uploads\/2024\/11\/IMG_0079-155x116.jpg 155w\" sizes=\"auto, (max-width: 960px) 100vw, 960px\" \/><\/figure><div class=\"wp-block-media-text__content\">\n<p>P\u00e4\u00e4typuuleikkuulauta<\/p>\n<\/div><\/div>\n\n\n\n<div class=\"wp-block-media-text alignwide is-stacked-on-mobile\" style=\"grid-template-columns:67% auto\"><figure class=\"wp-block-media-text__media\"><img loading=\"lazy\" decoding=\"async\" width=\"960\" height=\"960\" src=\"https:\/\/juhamikael.com\/wp-content\/uploads\/2024\/11\/53403643_2393485797562693_691404088713150464_n.jpg\" alt=\"\" class=\"wp-image-1809 size-full\" srcset=\"https:\/\/juhamikael.com\/wp-content\/uploads\/2024\/11\/53403643_2393485797562693_691404088713150464_n.jpg 960w, https:\/\/juhamikael.com\/wp-content\/uploads\/2024\/11\/53403643_2393485797562693_691404088713150464_n-300x300.jpg 300w, https:\/\/juhamikael.com\/wp-content\/uploads\/2024\/11\/53403643_2393485797562693_691404088713150464_n-150x150.jpg 150w, https:\/\/juhamikael.com\/wp-content\/uploads\/2024\/11\/53403643_2393485797562693_691404088713150464_n-768x768.jpg 768w, https:\/\/juhamikael.com\/wp-content\/uploads\/2024\/11\/53403643_2393485797562693_691404088713150464_n-116x116.jpg 116w\" sizes=\"auto, (max-width: 960px) 100vw, 960px\" \/><\/figure><div class=\"wp-block-media-text__content\">\n<p>Yksityiskohta veistetyist\u00e4 tarjoilualustoista<\/p>\n<\/div><\/div>\n\n\n\n<div class=\"wp-block-media-text alignwide is-stacked-on-mobile\" style=\"grid-template-columns:67% auto\"><figure class=\"wp-block-media-text__media\"><img loading=\"lazy\" decoding=\"async\" width=\"801\" height=\"531\" src=\"https:\/\/juhamikael.com\/wp-content\/uploads\/2024\/11\/22-1.jpg\" alt=\"\" class=\"wp-image-1811 size-full\" srcset=\"https:\/\/juhamikael.com\/wp-content\/uploads\/2024\/11\/22-1.jpg 801w, https:\/\/juhamikael.com\/wp-content\/uploads\/2024\/11\/22-1-300x199.jpg 300w, https:\/\/juhamikael.com\/wp-content\/uploads\/2024\/11\/22-1-768x509.jpg 768w, https:\/\/juhamikael.com\/wp-content\/uploads\/2024\/11\/22-1-175x116.jpg 175w\" sizes=\"auto, (max-width: 801px) 100vw, 801px\" \/><\/figure><div class=\"wp-block-media-text__content\">\n<p>Hikkorista valmistettu leikkuulauta nesteuralla<\/p>\n<\/div><\/div>\n\n\n\n<div class=\"wp-block-media-text alignwide is-stacked-on-mobile\" style=\"grid-template-columns:67% auto\"><figure class=\"wp-block-media-text__media\"><img loading=\"lazy\" decoding=\"async\" width=\"1000\" height=\"1000\" src=\"https:\/\/juhamikael.com\/wp-content\/uploads\/2024\/11\/71327526_2537857546458850_3397601417861529600_n.jpg\" alt=\"\" class=\"wp-image-1873 size-full\" srcset=\"https:\/\/juhamikael.com\/wp-content\/uploads\/2024\/11\/71327526_2537857546458850_3397601417861529600_n.jpg 1000w, https:\/\/juhamikael.com\/wp-content\/uploads\/2024\/11\/71327526_2537857546458850_3397601417861529600_n-300x300.jpg 300w, https:\/\/juhamikael.com\/wp-content\/uploads\/2024\/11\/71327526_2537857546458850_3397601417861529600_n-150x150.jpg 150w, https:\/\/juhamikael.com\/wp-content\/uploads\/2024\/11\/71327526_2537857546458850_3397601417861529600_n-768x768.jpg 768w, https:\/\/juhamikael.com\/wp-content\/uploads\/2024\/11\/71327526_2537857546458850_3397601417861529600_n-116x116.jpg 116w\" sizes=\"auto, (max-width: 1000px) 100vw, 1000px\" \/><\/figure><div class=\"wp-block-media-text__content\">\n<p>Koristeellinen alusta<\/p>\n<\/div><\/div>\n\n\n\n<div class=\"wp-block-media-text alignwide is-stacked-on-mobile\" style=\"grid-template-columns:69% auto\"><figure class=\"wp-block-media-text__media\"><img loading=\"lazy\" decoding=\"async\" width=\"1000\" height=\"1000\" src=\"https:\/\/juhamikael.com\/wp-content\/uploads\/2024\/11\/71392818_2537857559792182_8136307250072387584_n.jpg\" alt=\"\" class=\"wp-image-1875 size-full\" srcset=\"https:\/\/juhamikael.com\/wp-content\/uploads\/2024\/11\/71392818_2537857559792182_8136307250072387584_n.jpg 1000w, https:\/\/juhamikael.com\/wp-content\/uploads\/2024\/11\/71392818_2537857559792182_8136307250072387584_n-300x300.jpg 300w, https:\/\/juhamikael.com\/wp-content\/uploads\/2024\/11\/71392818_2537857559792182_8136307250072387584_n-150x150.jpg 150w, https:\/\/juhamikael.com\/wp-content\/uploads\/2024\/11\/71392818_2537857559792182_8136307250072387584_n-768x768.jpg 768w, https:\/\/juhamikael.com\/wp-content\/uploads\/2024\/11\/71392818_2537857559792182_8136307250072387584_n-116x116.jpg 116w\" sizes=\"auto, (max-width: 1000px) 100vw, 1000px\" \/><\/figure><div class=\"wp-block-media-text__content\">\n<p>Tarjoilualusta p\u00e4hkin\u00e4puusta<\/p>\n<\/div><\/div>\n\n\n\n<div class=\"wp-block-media-text alignwide is-stacked-on-mobile\" style=\"grid-template-columns:66% auto\"><figure class=\"wp-block-media-text__media\"><img loading=\"lazy\" decoding=\"async\" width=\"1000\" height=\"1000\" src=\"https:\/\/juhamikael.com\/wp-content\/uploads\/2024\/11\/273926608_3253708648207066_4944149458756259982_n.jpg\" alt=\"\" class=\"wp-image-1876 size-full\" srcset=\"https:\/\/juhamikael.com\/wp-content\/uploads\/2024\/11\/273926608_3253708648207066_4944149458756259982_n.jpg 1000w, https:\/\/juhamikael.com\/wp-content\/uploads\/2024\/11\/273926608_3253708648207066_4944149458756259982_n-300x300.jpg 300w, https:\/\/juhamikael.com\/wp-content\/uploads\/2024\/11\/273926608_3253708648207066_4944149458756259982_n-150x150.jpg 150w, https:\/\/juhamikael.com\/wp-content\/uploads\/2024\/11\/273926608_3253708648207066_4944149458756259982_n-768x768.jpg 768w, https:\/\/juhamikael.com\/wp-content\/uploads\/2024\/11\/273926608_3253708648207066_4944149458756259982_n-116x116.jpg 116w\" sizes=\"auto, (max-width: 1000px) 100vw, 1000px\" \/><\/figure><div class=\"wp-block-media-text__content\">\n<p>P\u00e4\u00e4typuuleikkuulautoja<\/p>\n<\/div><\/div>\n\n\n\n<div class=\"wp-block-media-text alignwide is-stacked-on-mobile\" style=\"grid-template-columns:65% auto\"><figure class=\"wp-block-media-text__media\"><img loading=\"lazy\" decoding=\"async\" width=\"1000\" height=\"1000\" src=\"https:\/\/juhamikael.com\/wp-content\/uploads\/2024\/11\/71399023_2537857633125508_5203110028768182272_n-rotated.jpg\" alt=\"\" class=\"wp-image-1877 size-full\" srcset=\"https:\/\/juhamikael.com\/wp-content\/uploads\/2024\/11\/71399023_2537857633125508_5203110028768182272_n-rotated.jpg 1000w, https:\/\/juhamikael.com\/wp-content\/uploads\/2024\/11\/71399023_2537857633125508_5203110028768182272_n-300x300.jpg 300w, https:\/\/juhamikael.com\/wp-content\/uploads\/2024\/11\/71399023_2537857633125508_5203110028768182272_n-150x150.jpg 150w, https:\/\/juhamikael.com\/wp-content\/uploads\/2024\/11\/71399023_2537857633125508_5203110028768182272_n-768x768.jpg 768w, https:\/\/juhamikael.com\/wp-content\/uploads\/2024\/11\/71399023_2537857633125508_5203110028768182272_n-116x116.jpg 116w\" sizes=\"auto, (max-width: 1000px) 100vw, 1000px\" \/><\/figure><div class=\"wp-block-media-text__content\">\n<p>Py\u00f6re\u00e4t tarjoilualustat raidasta ja p\u00e4hkin\u00e4st\u00e4<\/p>\n<\/div><\/div>\n\n\n\n<div class=\"wp-block-media-text alignwide is-stacked-on-mobile\"><figure class=\"wp-block-media-text__media\"><\/figure><div class=\"wp-block-media-text__content\">\n<p><\/p>\n<\/div><\/div>\n","protected":false},"excerpt":{"rendered":"<p>Tarjoilualustat p\u00e4hkin\u00e4st\u00e4 ja loimuraidasta Eri kuvioilla valmistettuja p\u00e4\u00e4typuuleikkuulautoja P\u00e4\u00e4typuusta valmistettu leikkuulauta nesteuralla Puistolehmuksesta valmistettuja koristelautoja P\u00e4\u00e4typuuleikkuulauta P\u00e4\u00e4typuuleikkuulauta Yksityiskohta veistetyist\u00e4 tarjoilualustoista &hellip; <a href=\"https:\/\/juhamikael.com\/?page_id=1801\" class=\"more-link\">Continue reading <span class=\"screen-reader-text\">Leikkuulaudat ja tarjoilualustat<\/span><\/a><\/p>\n","protected":false},"author":1,"featured_media":0,"parent":0,"menu_order":0,"comment_status":"closed","ping_status":"closed","template":"","meta":{"footnotes":""},"class_list":["post-1801","page","type-page","status-publish","hentry"],"jetpack_sharing_enabled":true,"_links":{"self":[{"href":"https:\/\/juhamikael.com\/index.php?rest_route=\/wp\/v2\/pages\/1801","targetHints":{"allow":["GET"]}}],"collection":[{"href":"https:\/\/juhamikael.com\/index.php?rest_route=\/wp\/v2\/pages"}],"about":[{"href":"https:\/\/juhamikael.com\/index.php?rest_route=\/wp\/v2\/types\/page"}],"author":[{"embeddable":true,"href":"https:\/\/juhamikael.com\/index.php?rest_route=\/wp\/v2\/users\/1"}],"replies":[{"embeddable":true,"href":"https:\/\/juhamikael.com\/index.php?rest_route=%2Fwp%2Fv2%2Fcomments&post=1801"}],"version-history":[{"count":4,"href":"https:\/\/juhamikael.com\/index.php?rest_route=\/wp\/v2\/pages\/1801\/revisions"}],"predecessor-version":[{"id":1879,"href":"https:\/\/juhamikael.com\/index.php?rest_route=\/wp\/v2\/pages\/1801\/revisions\/1879"}],"wp:attachment":[{"href":"https:\/\/juhamikael.com\/index.php?rest_route=%2Fwp%2Fv2%2Fmedia&parent=1801"}],"curies":[{"name":"wp","href":"https:\/\/api.w.org\/{rel}","templated":true}]}}