{"id":1822,"date":"2024-11-22T20:00:31","date_gmt":"2024-11-22T20:00:31","guid":{"rendered":"https:\/\/juhamikael.com\/?page_id=1822"},"modified":"2024-11-22T23:23:58","modified_gmt":"2024-11-22T23:23:58","slug":"hedelmakulhot","status":"publish","type":"page","link":"https:\/\/juhamikael.com\/?page_id=1822","title":{"rendered":"Hedelm\u00e4kulhot"},"content":{"rendered":"\n<div class=\"wp-block-media-text alignwide is-stacked-on-mobile\" style=\"grid-template-columns:63% auto\"><figure class=\"wp-block-media-text__media\"><img loading=\"lazy\" decoding=\"async\" width=\"960\" height=\"720\" src=\"https:\/\/juhamikael.com\/wp-content\/uploads\/2024\/11\/1.jpg\" alt=\"\" class=\"wp-image-1823 size-full\" srcset=\"https:\/\/juhamikael.com\/wp-content\/uploads\/2024\/11\/1.jpg 960w, https:\/\/juhamikael.com\/wp-content\/uploads\/2024\/11\/1-300x225.jpg 300w, https:\/\/juhamikael.com\/wp-content\/uploads\/2024\/11\/1-768x576.jpg 768w, https:\/\/juhamikael.com\/wp-content\/uploads\/2024\/11\/1-155x116.jpg 155w\" sizes=\"auto, (max-width: 960px) 100vw, 960px\" \/><\/figure><div class=\"wp-block-media-text__content\">\n<p>Koristekulho, joka pintak\u00e4sitelty sellakalla<\/p>\n<\/div><\/div>\n\n\n\n<div class=\"wp-block-media-text alignwide is-stacked-on-mobile\" style=\"grid-template-columns:63% auto\"><figure class=\"wp-block-media-text__media\"><img loading=\"lazy\" decoding=\"async\" width=\"960\" height=\"720\" src=\"https:\/\/juhamikael.com\/wp-content\/uploads\/2024\/11\/2-1.jpg\" alt=\"\" class=\"wp-image-1824 size-full\" srcset=\"https:\/\/juhamikael.com\/wp-content\/uploads\/2024\/11\/2-1.jpg 960w, https:\/\/juhamikael.com\/wp-content\/uploads\/2024\/11\/2-1-300x225.jpg 300w, https:\/\/juhamikael.com\/wp-content\/uploads\/2024\/11\/2-1-768x576.jpg 768w, https:\/\/juhamikael.com\/wp-content\/uploads\/2024\/11\/2-1-155x116.jpg 155w\" sizes=\"auto, (max-width: 960px) 100vw, 960px\" \/><\/figure><div class=\"wp-block-media-text__content\">\n<p>Pieni lahokoivuinen kulho. Pintak\u00e4sitelty elintarvikehyv\u00e4ksytyll\u00e4 Osmo Colorin TopOililla.<\/p>\n<\/div><\/div>\n\n\n\n<div class=\"wp-block-media-text alignwide is-stacked-on-mobile\" style=\"grid-template-columns:63% auto\"><figure class=\"wp-block-media-text__media\"><img loading=\"lazy\" decoding=\"async\" width=\"960\" height=\"720\" src=\"https:\/\/juhamikael.com\/wp-content\/uploads\/2024\/11\/3.jpg\" alt=\"\" class=\"wp-image-1825 size-full\" srcset=\"https:\/\/juhamikael.com\/wp-content\/uploads\/2024\/11\/3.jpg 960w, https:\/\/juhamikael.com\/wp-content\/uploads\/2024\/11\/3-300x225.jpg 300w, https:\/\/juhamikael.com\/wp-content\/uploads\/2024\/11\/3-768x576.jpg 768w, https:\/\/juhamikael.com\/wp-content\/uploads\/2024\/11\/3-155x116.jpg 155w\" sizes=\"auto, (max-width: 960px) 100vw, 960px\" \/><\/figure><div class=\"wp-block-media-text__content\">\n<p>Lahokoivukulho, joka pintak\u00e4sitelty elintarvikehyv\u00e4ksytyll\u00e4 Osmo Colorin TopOililla.<\/p>\n<\/div><\/div>\n\n\n\n<div class=\"wp-block-media-text alignwide is-stacked-on-mobile\" style=\"grid-template-columns:63% auto\"><figure class=\"wp-block-media-text__media\"><img loading=\"lazy\" decoding=\"async\" width=\"960\" height=\"720\" src=\"https:\/\/juhamikael.com\/wp-content\/uploads\/2024\/11\/5.jpg\" alt=\"\" class=\"wp-image-1827 size-full\" srcset=\"https:\/\/juhamikael.com\/wp-content\/uploads\/2024\/11\/5.jpg 960w, https:\/\/juhamikael.com\/wp-content\/uploads\/2024\/11\/5-300x225.jpg 300w, https:\/\/juhamikael.com\/wp-content\/uploads\/2024\/11\/5-768x576.jpg 768w, https:\/\/juhamikael.com\/wp-content\/uploads\/2024\/11\/5-155x116.jpg 155w\" sizes=\"auto, (max-width: 960px) 100vw, 960px\" \/><\/figure><div class=\"wp-block-media-text__content\">\n<p>Pieni hedelm\u00e4kulho, joka maalattu elintarvikehyv\u00e4ksytyll\u00e4 maitomaalilla, jonka j\u00e4lkeen viel\u00e4 pintak\u00e4sitelty Osmo Colorin TopOililla.<\/p>\n<\/div><\/div>\n\n\n\n<div class=\"wp-block-media-text alignwide is-stacked-on-mobile\" style=\"grid-template-columns:63% auto\"><figure class=\"wp-block-media-text__media\"><img loading=\"lazy\" decoding=\"async\" width=\"960\" height=\"720\" src=\"https:\/\/juhamikael.com\/wp-content\/uploads\/2024\/11\/6.jpg\" alt=\"\" class=\"wp-image-1828 size-full\" srcset=\"https:\/\/juhamikael.com\/wp-content\/uploads\/2024\/11\/6.jpg 960w, https:\/\/juhamikael.com\/wp-content\/uploads\/2024\/11\/6-300x225.jpg 300w, https:\/\/juhamikael.com\/wp-content\/uploads\/2024\/11\/6-768x576.jpg 768w, https:\/\/juhamikael.com\/wp-content\/uploads\/2024\/11\/6-155x116.jpg 155w\" sizes=\"auto, (max-width: 960px) 100vw, 960px\" \/><\/figure><div class=\"wp-block-media-text__content\">\n<p>Hedelm\u00e4kulhoja<\/p>\n<\/div><\/div>\n\n\n\n<div class=\"wp-block-media-text alignwide is-stacked-on-mobile\" style=\"grid-template-columns:64% auto\"><figure class=\"wp-block-media-text__media\"><img loading=\"lazy\" decoding=\"async\" width=\"843\" height=\"640\" src=\"https:\/\/juhamikael.com\/wp-content\/uploads\/2024\/11\/15747502_1900939940150617_4661055074616955749_n.jpg\" alt=\"\" class=\"wp-image-1864 size-full\" srcset=\"https:\/\/juhamikael.com\/wp-content\/uploads\/2024\/11\/15747502_1900939940150617_4661055074616955749_n.jpg 843w, https:\/\/juhamikael.com\/wp-content\/uploads\/2024\/11\/15747502_1900939940150617_4661055074616955749_n-300x228.jpg 300w, https:\/\/juhamikael.com\/wp-content\/uploads\/2024\/11\/15747502_1900939940150617_4661055074616955749_n-768x583.jpg 768w, https:\/\/juhamikael.com\/wp-content\/uploads\/2024\/11\/15747502_1900939940150617_4661055074616955749_n-153x116.jpg 153w\" sizes=\"auto, (max-width: 843px) 100vw, 843px\" \/><\/figure><div class=\"wp-block-media-text__content\">\n<p>Hedelm\u00e4kulho raidasta<\/p>\n<\/div><\/div>\n\n\n\n<div class=\"wp-block-media-text alignwide is-stacked-on-mobile\" style=\"grid-template-columns:63% auto\"><figure class=\"wp-block-media-text__media\"><img loading=\"lazy\" decoding=\"async\" width=\"629\" height=\"659\" src=\"https:\/\/juhamikael.com\/wp-content\/uploads\/2024\/11\/20294191_2010687595842517_3609263002873478139_n.jpg\" alt=\"\" class=\"wp-image-1866 size-full\" srcset=\"https:\/\/juhamikael.com\/wp-content\/uploads\/2024\/11\/20294191_2010687595842517_3609263002873478139_n.jpg 629w, https:\/\/juhamikael.com\/wp-content\/uploads\/2024\/11\/20294191_2010687595842517_3609263002873478139_n-286x300.jpg 286w, https:\/\/juhamikael.com\/wp-content\/uploads\/2024\/11\/20294191_2010687595842517_3609263002873478139_n-111x116.jpg 111w\" sizes=\"auto, (max-width: 629px) 100vw, 629px\" \/><\/figure><div class=\"wp-block-media-text__content\">\n<p>Hedelm\u00e4kulho vaahterasta. Reunassa kalsiitti-kivi upotus.<\/p>\n<\/div><\/div>\n\n\n\n<div class=\"wp-block-media-text alignwide is-stacked-on-mobile\" style=\"grid-template-columns:65% auto\"><figure class=\"wp-block-media-text__media\"><img loading=\"lazy\" decoding=\"async\" width=\"745\" height=\"566\" src=\"https:\/\/juhamikael.com\/wp-content\/uploads\/2024\/11\/462383992_3967946326783291_5077309870555464662_n.jpg\" alt=\"\" class=\"wp-image-1867 size-full\" srcset=\"https:\/\/juhamikael.com\/wp-content\/uploads\/2024\/11\/462383992_3967946326783291_5077309870555464662_n.jpg 745w, https:\/\/juhamikael.com\/wp-content\/uploads\/2024\/11\/462383992_3967946326783291_5077309870555464662_n-300x228.jpg 300w, https:\/\/juhamikael.com\/wp-content\/uploads\/2024\/11\/462383992_3967946326783291_5077309870555464662_n-153x116.jpg 153w\" sizes=\"auto, (max-width: 745px) 100vw, 745px\" \/><\/figure><div class=\"wp-block-media-text__content\">\n<p>Lahokoivukulho<\/p>\n<\/div><\/div>\n\n\n\n<div class=\"wp-block-media-text alignwide is-stacked-on-mobile\" style=\"grid-template-columns:65% auto\"><figure class=\"wp-block-media-text__media\"><img loading=\"lazy\" decoding=\"async\" width=\"745\" height=\"566\" src=\"https:\/\/juhamikael.com\/wp-content\/uploads\/2024\/11\/462621461_3967946183449972_6359516476251343387_n.jpg\" alt=\"\" class=\"wp-image-1869 size-full\" srcset=\"https:\/\/juhamikael.com\/wp-content\/uploads\/2024\/11\/462621461_3967946183449972_6359516476251343387_n.jpg 745w, https:\/\/juhamikael.com\/wp-content\/uploads\/2024\/11\/462621461_3967946183449972_6359516476251343387_n-300x228.jpg 300w, https:\/\/juhamikael.com\/wp-content\/uploads\/2024\/11\/462621461_3967946183449972_6359516476251343387_n-153x116.jpg 153w\" sizes=\"auto, (max-width: 745px) 100vw, 745px\" \/><\/figure><div class=\"wp-block-media-text__content\">\n<p>Lahokoivukulho<\/p>\n<\/div><\/div>\n\n\n\n<div class=\"wp-block-media-text alignwide is-stacked-on-mobile\" style=\"grid-template-columns:65% auto\"><figure class=\"wp-block-media-text__media\"><img loading=\"lazy\" decoding=\"async\" width=\"745\" height=\"566\" src=\"https:\/\/juhamikael.com\/wp-content\/uploads\/2024\/11\/462263267_3967946330116624_7308313519092300042_n.jpg\" alt=\"\" class=\"wp-image-1870 size-full\" srcset=\"https:\/\/juhamikael.com\/wp-content\/uploads\/2024\/11\/462263267_3967946330116624_7308313519092300042_n.jpg 745w, https:\/\/juhamikael.com\/wp-content\/uploads\/2024\/11\/462263267_3967946330116624_7308313519092300042_n-300x228.jpg 300w, https:\/\/juhamikael.com\/wp-content\/uploads\/2024\/11\/462263267_3967946330116624_7308313519092300042_n-153x116.jpg 153w\" sizes=\"auto, (max-width: 745px) 100vw, 745px\" \/><\/figure><div class=\"wp-block-media-text__content\">\n<p>Pieni kulho saarnivaahterasta<\/p>\n<\/div><\/div>\n\n\n\n<div class=\"wp-block-media-text alignwide is-stacked-on-mobile\" style=\"grid-template-columns:65% auto\"><figure class=\"wp-block-media-text__media\"><img loading=\"lazy\" decoding=\"async\" width=\"715\" height=\"543\" src=\"https:\/\/juhamikael.com\/wp-content\/uploads\/2024\/11\/462475881_3967946313449959_4155399620048755596_n.jpg\" alt=\"\" class=\"wp-image-1871 size-full\" srcset=\"https:\/\/juhamikael.com\/wp-content\/uploads\/2024\/11\/462475881_3967946313449959_4155399620048755596_n.jpg 715w, https:\/\/juhamikael.com\/wp-content\/uploads\/2024\/11\/462475881_3967946313449959_4155399620048755596_n-300x228.jpg 300w, https:\/\/juhamikael.com\/wp-content\/uploads\/2024\/11\/462475881_3967946313449959_4155399620048755596_n-153x116.jpg 153w\" sizes=\"auto, (max-width: 715px) 100vw, 715px\" \/><\/figure><div class=\"wp-block-media-text__content\">\n<p>Hedelm\u00e4kulho loimukoivusta<\/p>\n<\/div><\/div>\n","protected":false},"excerpt":{"rendered":"<p>Koristekulho, joka pintak\u00e4sitelty sellakalla Pieni lahokoivuinen kulho. Pintak\u00e4sitelty elintarvikehyv\u00e4ksytyll\u00e4 Osmo Colorin TopOililla. Lahokoivukulho, joka pintak\u00e4sitelty elintarvikehyv\u00e4ksytyll\u00e4 Osmo Colorin TopOililla. Pieni &hellip; <a href=\"https:\/\/juhamikael.com\/?page_id=1822\" class=\"more-link\">Continue reading <span class=\"screen-reader-text\">Hedelm\u00e4kulhot<\/span><\/a><\/p>\n","protected":false},"author":1,"featured_media":0,"parent":0,"menu_order":0,"comment_status":"closed","ping_status":"closed","template":"","meta":{"footnotes":""},"class_list":["post-1822","page","type-page","status-publish","hentry"],"jetpack_sharing_enabled":true,"_links":{"self":[{"href":"https:\/\/juhamikael.com\/index.php?rest_route=\/wp\/v2\/pages\/1822","targetHints":{"allow":["GET"]}}],"collection":[{"href":"https:\/\/juhamikael.com\/index.php?rest_route=\/wp\/v2\/pages"}],"about":[{"href":"https:\/\/juhamikael.com\/index.php?rest_route=\/wp\/v2\/types\/page"}],"author":[{"embeddable":true,"href":"https:\/\/juhamikael.com\/index.php?rest_route=\/wp\/v2\/users\/1"}],"replies":[{"embeddable":true,"href":"https:\/\/juhamikael.com\/index.php?rest_route=%2Fwp%2Fv2%2Fcomments&post=1822"}],"version-history":[{"count":3,"href":"https:\/\/juhamikael.com\/index.php?rest_route=\/wp\/v2\/pages\/1822\/revisions"}],"predecessor-version":[{"id":1872,"href":"https:\/\/juhamikael.com\/index.php?rest_route=\/wp\/v2\/pages\/1822\/revisions\/1872"}],"wp:attachment":[{"href":"https:\/\/juhamikael.com\/index.php?rest_route=%2Fwp%2Fv2%2Fmedia&parent=1822"}],"curies":[{"name":"wp","href":"https:\/\/api.w.org\/{rel}","templated":true}]}}