{"id":1842,"date":"2024-11-22T22:16:53","date_gmt":"2024-11-22T22:16:53","guid":{"rendered":"https:\/\/juhamikael.com\/?page_id=1842"},"modified":"2024-11-22T23:35:57","modified_gmt":"2024-11-22T23:35:57","slug":"erilaisia-sorvaustoita","status":"publish","type":"page","link":"https:\/\/juhamikael.com\/?page_id=1842","title":{"rendered":"Erilaisia sorvaust\u00f6it\u00e4"},"content":{"rendered":"\n<div class=\"wp-block-media-text alignwide is-stacked-on-mobile\" style=\"grid-template-columns:63% auto\"><figure class=\"wp-block-media-text__media\"><img loading=\"lazy\" decoding=\"async\" width=\"725\" height=\"944\" src=\"https:\/\/juhamikael.com\/wp-content\/uploads\/2024\/11\/1-1.jpg\" alt=\"\" class=\"wp-image-1843 size-full\" srcset=\"https:\/\/juhamikael.com\/wp-content\/uploads\/2024\/11\/1-1.jpg 725w, https:\/\/juhamikael.com\/wp-content\/uploads\/2024\/11\/1-1-230x300.jpg 230w, https:\/\/juhamikael.com\/wp-content\/uploads\/2024\/11\/1-1-89x116.jpg 89w\" sizes=\"auto, (max-width: 725px) 100vw, 725px\" \/><\/figure><div class=\"wp-block-media-text__content\">\n<p>Sorvaamalla valmistetut koristeelliset kynttil\u00e4njalat<\/p>\n<\/div><\/div>\n\n\n\n<div class=\"wp-block-media-text alignwide is-stacked-on-mobile\" style=\"grid-template-columns:63% auto\"><figure class=\"wp-block-media-text__media\"><img loading=\"lazy\" decoding=\"async\" width=\"1000\" height=\"1000\" src=\"https:\/\/juhamikael.com\/wp-content\/uploads\/2024\/11\/278186075_3293499777561286_1594526453964886562_n.jpg\" alt=\"\" class=\"wp-image-1844 size-full\" srcset=\"https:\/\/juhamikael.com\/wp-content\/uploads\/2024\/11\/278186075_3293499777561286_1594526453964886562_n.jpg 1000w, https:\/\/juhamikael.com\/wp-content\/uploads\/2024\/11\/278186075_3293499777561286_1594526453964886562_n-300x300.jpg 300w, https:\/\/juhamikael.com\/wp-content\/uploads\/2024\/11\/278186075_3293499777561286_1594526453964886562_n-150x150.jpg 150w, https:\/\/juhamikael.com\/wp-content\/uploads\/2024\/11\/278186075_3293499777561286_1594526453964886562_n-768x768.jpg 768w, https:\/\/juhamikael.com\/wp-content\/uploads\/2024\/11\/278186075_3293499777561286_1594526453964886562_n-116x116.jpg 116w\" sizes=\"auto, (max-width: 1000px) 100vw, 1000px\" \/><\/figure><div class=\"wp-block-media-text__content\">\n<p>Koivuiset kupit sek\u00e4 alusta<\/p>\n<\/div><\/div>\n\n\n\n<div class=\"wp-block-media-text alignwide is-stacked-on-mobile\" style=\"grid-template-columns:63% auto\"><figure class=\"wp-block-media-text__media\"><img loading=\"lazy\" decoding=\"async\" width=\"882\" height=\"667\" src=\"https:\/\/juhamikael.com\/wp-content\/uploads\/2024\/11\/462951908_3973226572921933_1769272478383592284_n.jpg\" alt=\"\" class=\"wp-image-1882 size-full\" srcset=\"https:\/\/juhamikael.com\/wp-content\/uploads\/2024\/11\/462951908_3973226572921933_1769272478383592284_n.jpg 882w, https:\/\/juhamikael.com\/wp-content\/uploads\/2024\/11\/462951908_3973226572921933_1769272478383592284_n-300x227.jpg 300w, https:\/\/juhamikael.com\/wp-content\/uploads\/2024\/11\/462951908_3973226572921933_1769272478383592284_n-768x581.jpg 768w, https:\/\/juhamikael.com\/wp-content\/uploads\/2024\/11\/462951908_3973226572921933_1769272478383592284_n-153x116.jpg 153w\" sizes=\"auto, (max-width: 882px) 100vw, 882px\" \/><\/figure><div class=\"wp-block-media-text__content\">\n<p>Onttosorvauksia puistolehmuksesta<\/p>\n<\/div><\/div>\n\n\n\n<div class=\"wp-block-media-text alignwide is-stacked-on-mobile\" style=\"grid-template-columns:62% auto\"><figure class=\"wp-block-media-text__media\"><img loading=\"lazy\" decoding=\"async\" width=\"665\" height=\"887\" src=\"https:\/\/juhamikael.com\/wp-content\/uploads\/2024\/11\/463046566_3972875286290395_5224249446062682597_n.jpg\" alt=\"\" class=\"wp-image-1884 size-full\" srcset=\"https:\/\/juhamikael.com\/wp-content\/uploads\/2024\/11\/463046566_3972875286290395_5224249446062682597_n.jpg 665w, https:\/\/juhamikael.com\/wp-content\/uploads\/2024\/11\/463046566_3972875286290395_5224249446062682597_n-225x300.jpg 225w, https:\/\/juhamikael.com\/wp-content\/uploads\/2024\/11\/463046566_3972875286290395_5224249446062682597_n-87x116.jpg 87w\" sizes=\"auto, (max-width: 665px) 100vw, 665px\" \/><\/figure><div class=\"wp-block-media-text__content\">\n<p>Onttosorvauksia vaahterasta. Kiviupotus kansiosan ymp\u00e4rill\u00e4.<\/p>\n<\/div><\/div>\n\n\n\n<div class=\"wp-block-media-text alignwide is-stacked-on-mobile\"><figure class=\"wp-block-media-text__media\"><\/figure><div class=\"wp-block-media-text__content\">\n<p><\/p>\n<\/div><\/div>\n","protected":false},"excerpt":{"rendered":"<p>Sorvaamalla valmistetut koristeelliset kynttil\u00e4njalat Koivuiset kupit sek\u00e4 alusta Onttosorvauksia puistolehmuksesta Onttosorvauksia vaahterasta. Kiviupotus kansiosan ymp\u00e4rill\u00e4.<\/p>\n","protected":false},"author":1,"featured_media":0,"parent":0,"menu_order":0,"comment_status":"closed","ping_status":"closed","template":"","meta":{"footnotes":""},"class_list":["post-1842","page","type-page","status-publish","hentry"],"jetpack_sharing_enabled":true,"_links":{"self":[{"href":"https:\/\/juhamikael.com\/index.php?rest_route=\/wp\/v2\/pages\/1842","targetHints":{"allow":["GET"]}}],"collection":[{"href":"https:\/\/juhamikael.com\/index.php?rest_route=\/wp\/v2\/pages"}],"about":[{"href":"https:\/\/juhamikael.com\/index.php?rest_route=\/wp\/v2\/types\/page"}],"author":[{"embeddable":true,"href":"https:\/\/juhamikael.com\/index.php?rest_route=\/wp\/v2\/users\/1"}],"replies":[{"embeddable":true,"href":"https:\/\/juhamikael.com\/index.php?rest_route=%2Fwp%2Fv2%2Fcomments&post=1842"}],"version-history":[{"count":3,"href":"https:\/\/juhamikael.com\/index.php?rest_route=\/wp\/v2\/pages\/1842\/revisions"}],"predecessor-version":[{"id":1885,"href":"https:\/\/juhamikael.com\/index.php?rest_route=\/wp\/v2\/pages\/1842\/revisions\/1885"}],"wp:attachment":[{"href":"https:\/\/juhamikael.com\/index.php?rest_route=%2Fwp%2Fv2%2Fmedia&parent=1842"}],"curies":[{"name":"wp","href":"https:\/\/api.w.org\/{rel}","templated":true}]}}