{"id":1848,"date":"2024-11-22T22:31:29","date_gmt":"2024-11-22T22:31:29","guid":{"rendered":"https:\/\/juhamikael.com\/?page_id=1848"},"modified":"2025-05-03T20:54:03","modified_gmt":"2025-05-03T20:54:03","slug":"artek-kunnostuksia","status":"publish","type":"page","link":"https:\/\/juhamikael.com\/?page_id=1848","title":{"rendered":"Artek kunnostuksia"},"content":{"rendered":"\n<p>Pyrin k\u00e4ytt\u00e4m\u00e4\u00e4n kunnostamissani Artekin tuotteissa aina samaa pintak\u00e4sittelyainetta mik\u00e4 siin\u00e4 on ollut alunperin. Tai ainakin niin, ett\u00e4 kyseist\u00e4 pintak\u00e4sittely\u00e4 on k\u00e4ytetty siin\u00e4 mallissa jota kunnostan. T\u00e4m\u00e4 tarkoittaa periaatteessa sit\u00e4, ett\u00e4 uudemmat tuotteet k\u00e4sittelen vesiohenteisilla lakoilla ja maaleilla ja vanhemmat taas nitroselluloosalakalla tai sitten \u00f6ljyll\u00e4 ja sellakalla. Vanhemmat tuotteet on helppo erottaa uudemmista, siit\u00e4 kertoo talttap\u00e4\u00e4ruuvit, viilujen lukum\u00e4\u00e4r\u00e4 jalkojen taivutuskohdassa sek\u00e4 sormiliitoksesta tuolien istuinosassa.<\/p>\n\n\n\n<figure class=\"wp-block-image size-large\"><img loading=\"lazy\" decoding=\"async\" width=\"1024\" height=\"487\" src=\"https:\/\/juhamikael.com\/wp-content\/uploads\/2025\/05\/jakkara60-1024x487.jpg\" alt=\"\" class=\"wp-image-1890\" srcset=\"https:\/\/juhamikael.com\/wp-content\/uploads\/2025\/05\/jakkara60-1024x487.jpg 1024w, https:\/\/juhamikael.com\/wp-content\/uploads\/2025\/05\/jakkara60-300x143.jpg 300w, https:\/\/juhamikael.com\/wp-content\/uploads\/2025\/05\/jakkara60-768x365.jpg 768w, https:\/\/juhamikael.com\/wp-content\/uploads\/2025\/05\/jakkara60-1536x731.jpg 1536w, https:\/\/juhamikael.com\/wp-content\/uploads\/2025\/05\/jakkara60-228x108.jpg 228w, https:\/\/juhamikael.com\/wp-content\/uploads\/2025\/05\/jakkara60.jpg 1726w\" sizes=\"auto, (max-width: 1024px) 100vw, 1024px\" \/><\/figure>\n\n\n\n<figure class=\"wp-block-image size-large\"><img loading=\"lazy\" decoding=\"async\" width=\"1024\" height=\"430\" src=\"https:\/\/juhamikael.com\/wp-content\/uploads\/2025\/05\/jakkarat-60-1024x430.jpg\" alt=\"\" class=\"wp-image-1891\" srcset=\"https:\/\/juhamikael.com\/wp-content\/uploads\/2025\/05\/jakkarat-60-1024x430.jpg 1024w, https:\/\/juhamikael.com\/wp-content\/uploads\/2025\/05\/jakkarat-60-300x126.jpg 300w, https:\/\/juhamikael.com\/wp-content\/uploads\/2025\/05\/jakkarat-60-768x323.jpg 768w, https:\/\/juhamikael.com\/wp-content\/uploads\/2025\/05\/jakkarat-60-1536x646.jpg 1536w, https:\/\/juhamikael.com\/wp-content\/uploads\/2025\/05\/jakkarat-60-228x96.jpg 228w, https:\/\/juhamikael.com\/wp-content\/uploads\/2025\/05\/jakkarat-60.jpg 1970w\" sizes=\"auto, (max-width: 1024px) 100vw, 1024px\" \/><\/figure>\n\n\n\n<figure class=\"wp-block-image size-large\"><img loading=\"lazy\" decoding=\"async\" width=\"1024\" height=\"421\" src=\"https:\/\/juhamikael.com\/wp-content\/uploads\/2025\/05\/artek-69-tuolit-1024x421.jpg\" alt=\"\" class=\"wp-image-1892\" srcset=\"https:\/\/juhamikael.com\/wp-content\/uploads\/2025\/05\/artek-69-tuolit-1024x421.jpg 1024w, https:\/\/juhamikael.com\/wp-content\/uploads\/2025\/05\/artek-69-tuolit-300x123.jpg 300w, https:\/\/juhamikael.com\/wp-content\/uploads\/2025\/05\/artek-69-tuolit-768x315.jpg 768w, https:\/\/juhamikael.com\/wp-content\/uploads\/2025\/05\/artek-69-tuolit-1536x631.jpg 1536w, https:\/\/juhamikael.com\/wp-content\/uploads\/2025\/05\/artek-69-tuolit-228x94.jpg 228w, https:\/\/juhamikael.com\/wp-content\/uploads\/2025\/05\/artek-69-tuolit.jpg 1648w\" sizes=\"auto, (max-width: 1024px) 100vw, 1024px\" \/><\/figure>\n\n\n\n<figure class=\"wp-block-image size-large\"><img loading=\"lazy\" decoding=\"async\" width=\"1024\" height=\"415\" src=\"https:\/\/juhamikael.com\/wp-content\/uploads\/2025\/05\/domus-tuolit-1024x415.jpg\" alt=\"\" class=\"wp-image-1893\" srcset=\"https:\/\/juhamikael.com\/wp-content\/uploads\/2025\/05\/domus-tuolit-1024x415.jpg 1024w, https:\/\/juhamikael.com\/wp-content\/uploads\/2025\/05\/domus-tuolit-300x122.jpg 300w, https:\/\/juhamikael.com\/wp-content\/uploads\/2025\/05\/domus-tuolit-768x312.jpg 768w, https:\/\/juhamikael.com\/wp-content\/uploads\/2025\/05\/domus-tuolit-1536x623.jpg 1536w, https:\/\/juhamikael.com\/wp-content\/uploads\/2025\/05\/domus-tuolit-228x92.jpg 228w, https:\/\/juhamikael.com\/wp-content\/uploads\/2025\/05\/domus-tuolit.jpg 1923w\" sizes=\"auto, (max-width: 1024px) 100vw, 1024px\" \/><\/figure>\n\n\n\n<div class=\"wp-block-media-text alignwide is-stacked-on-mobile\"><figure class=\"wp-block-media-text__media\"><img loading=\"lazy\" decoding=\"async\" width=\"1000\" height=\"1000\" src=\"https:\/\/juhamikael.com\/wp-content\/uploads\/2025\/05\/475459521_1287539615829627_8706794268517106443_n.jpg\" alt=\"\" class=\"wp-image-1894 size-full\" srcset=\"https:\/\/juhamikael.com\/wp-content\/uploads\/2025\/05\/475459521_1287539615829627_8706794268517106443_n.jpg 1000w, https:\/\/juhamikael.com\/wp-content\/uploads\/2025\/05\/475459521_1287539615829627_8706794268517106443_n-300x300.jpg 300w, https:\/\/juhamikael.com\/wp-content\/uploads\/2025\/05\/475459521_1287539615829627_8706794268517106443_n-150x150.jpg 150w, https:\/\/juhamikael.com\/wp-content\/uploads\/2025\/05\/475459521_1287539615829627_8706794268517106443_n-768x768.jpg 768w, https:\/\/juhamikael.com\/wp-content\/uploads\/2025\/05\/475459521_1287539615829627_8706794268517106443_n-116x116.jpg 116w\" sizes=\"auto, (max-width: 1000px) 100vw, 1000px\" \/><\/figure><div class=\"wp-block-media-text__content\">\n<p>Artek N65 lastentuoli. <\/p>\n\n\n\n<p>Kuvasta n\u00e4kyy hyvin kuinka aika kellastuttaa lakkauksen.<\/p>\n\n\n\n<p>Oikealla puolella kunnostamaton tuoli. Vasemmalla hiottu ja uudelleen lakattu tuoli.<\/p>\n<\/div><\/div>\n\n\n\n<figure class=\"wp-block-image size-large\"><img loading=\"lazy\" decoding=\"async\" width=\"1024\" height=\"744\" src=\"https:\/\/juhamikael.com\/wp-content\/uploads\/2025\/05\/artek69-1024x744.jpg\" alt=\"\" class=\"wp-image-1898\" srcset=\"https:\/\/juhamikael.com\/wp-content\/uploads\/2025\/05\/artek69-1024x744.jpg 1024w, https:\/\/juhamikael.com\/wp-content\/uploads\/2025\/05\/artek69-300x218.jpg 300w, https:\/\/juhamikael.com\/wp-content\/uploads\/2025\/05\/artek69-768x558.jpg 768w, https:\/\/juhamikael.com\/wp-content\/uploads\/2025\/05\/artek69-160x116.jpg 160w, https:\/\/juhamikael.com\/wp-content\/uploads\/2025\/05\/artek69.jpg 1509w\" sizes=\"auto, (max-width: 1024px) 100vw, 1024px\" \/><\/figure>\n","protected":false},"excerpt":{"rendered":"<p>Pyrin k\u00e4ytt\u00e4m\u00e4\u00e4n kunnostamissani Artekin tuotteissa aina samaa pintak\u00e4sittelyainetta mik\u00e4 siin\u00e4 on ollut alunperin. Tai ainakin niin, ett\u00e4 kyseist\u00e4 pintak\u00e4sittely\u00e4 on &hellip; <a href=\"https:\/\/juhamikael.com\/?page_id=1848\" class=\"more-link\">Continue reading <span class=\"screen-reader-text\">Artek kunnostuksia<\/span><\/a><\/p>\n","protected":false},"author":1,"featured_media":0,"parent":0,"menu_order":0,"comment_status":"closed","ping_status":"closed","template":"","meta":{"footnotes":""},"class_list":["post-1848","page","type-page","status-publish","hentry"],"jetpack_sharing_enabled":true,"_links":{"self":[{"href":"https:\/\/juhamikael.com\/index.php?rest_route=\/wp\/v2\/pages\/1848","targetHints":{"allow":["GET"]}}],"collection":[{"href":"https:\/\/juhamikael.com\/index.php?rest_route=\/wp\/v2\/pages"}],"about":[{"href":"https:\/\/juhamikael.com\/index.php?rest_route=\/wp\/v2\/types\/page"}],"author":[{"embeddable":true,"href":"https:\/\/juhamikael.com\/index.php?rest_route=\/wp\/v2\/users\/1"}],"replies":[{"embeddable":true,"href":"https:\/\/juhamikael.com\/index.php?rest_route=%2Fwp%2Fv2%2Fcomments&post=1848"}],"version-history":[{"count":5,"href":"https:\/\/juhamikael.com\/index.php?rest_route=\/wp\/v2\/pages\/1848\/revisions"}],"predecessor-version":[{"id":1901,"href":"https:\/\/juhamikael.com\/index.php?rest_route=\/wp\/v2\/pages\/1848\/revisions\/1901"}],"wp:attachment":[{"href":"https:\/\/juhamikael.com\/index.php?rest_route=%2Fwp%2Fv2%2Fmedia&parent=1848"}],"curies":[{"name":"wp","href":"https:\/\/api.w.org\/{rel}","templated":true}]}}